{"id":91,"date":"2025-02-20T12:54:44","date_gmt":"2025-02-20T11:54:44","guid":{"rendered":"https:\/\/news.uni-goettingen.de\/sicherheitswesen\/?page_id=91"},"modified":"2025-02-20T12:54:44","modified_gmt":"2025-02-20T11:54:44","slug":"impressum","status":"publish","type":"page","link":"https:\/\/news.uni-goettingen.de\/sicherheitswesen\/impressum\/","title":{"rendered":"Impressum"},"content":{"rendered":"\n<p>Georg-August-Universit\u00e4t G\u00f6ttingen<br>Wilhelmsplatz 1<br>37073 G\u00f6ttingen<br>T 0551 39-0<br><a href=\"mailto:pressestelle@uni-goettingen.de\">pressestelle@uni-goettingen.de<\/a><\/p>\n\n\n\n<p>Die Georg-August-Universit\u00e4t G\u00f6ttingen ist eine K\u00f6rperschaft des \u00f6ffentlichen Rechts. Sie wird durch die Pr\u00e4sidentin (kommissarisch) Dr. Val\u00e9rie Sch\u00fcller (Vizepr\u00e4sidentin f\u00fcr Finanzen und Personal) gesetzlich vertreten.<\/p>\n\n\n\n<p><strong>Zust\u00e4ndige Aufsichtsbeh\u00f6rde:<\/strong><br>Georg-August-Universit\u00e4t G\u00f6ttingen Stiftung \u00d6ffentlichen Rechts, Stiftungsausschuss Universit\u00e4t (\u00a7\u00a7 59 Abs. 2, 60 Abs. 2 Satz 2 Nr. 7, 60 a Abs. 1 NHG), Wilhelmsplatz 1, 37073 G\u00f6ttingen<\/p>\n\n\n\n<p><strong>Umsatzsteuer-Identifikationsnummer<\/strong> gem\u00e4\u00df \u00a7 27 a Umsatzsteuergesetz: DE 286 005 408<\/p>\n\n\n\n<p><strong>Inhaltlich verantwortlich:<\/strong> Thomas Richter (Pressesprecher und Leiter der Abteilung \u00d6ffentlichkeitsarbeit), <a href=\"mailto:thomas.richter@uni-goettingen.de\">thomas.richter@uni-goettingen.de<\/a>, T 0551 39-24342, Wilhelmsplatz 1, 37073 G\u00f6ttingen.<\/p>\n\n\n\n<h2 class=\"wp-block-heading\">Legal notices<\/h2>\n\n\n\n<p>Georg-August-Universit\u00e4t G\u00f6ttingen<br>Wilhelmsplatz 1<br>37073 G\u00f6ttingen<br>Phone +49 551 39-0<br><a href=\"mailto:pressestelle@uni-goettingen.de\">pressestelle@uni-goettingen.de<\/a><\/p>\n\n\n\n<p>The University of G\u00f6ttingen (Georg-August-Universit\u00e4t G\u00f6ttingen) is a public law corporation. It is legally represented by its President, Prof. Dr. Metin Tolan.<\/p>\n\n\n\n<p><strong>Supervisory authority:<\/strong><br>Georg-August-Universit\u00e4t G\u00f6ttingen Public Law Foundation, University Foundation Committee (Sections 59 (2), 60 (2) sentence 2 no. 7, 60 a (1) Lower Saxony Higher Education Act (NHG), Wilhelmsplatz 1, 37073 G\u00f6ttingen, Germany<\/p>\n\n\n\n<p><strong>VAT identification number<\/strong> pursuant to Section 27 a of the German Value-Added Tax Act (UStG): DE 286 005 408<\/p>\n\n\n\n<p><strong>Responsible for content:<\/strong> Thomas Richter (Director of Public Relations), thomas.richter@uni-goettingen.de, Phone + 49 551 39-24342, Wilhelmsplatz 1, 37073 G\u00f6ttingen, Germany<\/p>\n","protected":false},"excerpt":{"rendered":"<p>Georg-August-Universit\u00e4t G\u00f6ttingenWilhelmsplatz 137073 G\u00f6ttingenT 0551 39-0<a href=\"mailto:pressestelle@uni-goettingen.de\">pressestelle@uni-goettingen.de<\/a><\/p>\n<p>Die Georg-August-Universit\u00e4t G\u00f6ttingen ist eine K\u00f6rperschaft des \u00f6ffentlichen Rechts. Sie wird durch die Pr\u00e4sidentin (kommissarisch) Dr. Val\u00e9rie Sch\u00fcller (Vizepr\u00e4sidentin f\u00fcr Finanzen und Personal) gesetzlich vertreten.<\/p>\n<p><strong>Zust\u00e4ndige Aufsichtsbeh\u00f6rde:<\/strong>Georg-August-Universit\u00e4t G\u00f6ttingen Stiftung \u00d6ffentlichen Rechts, Stiftungsausschuss Universit\u00e4t (\u00a7\u00a7 59 Abs. 2, 60 Abs. 2 Satz 2 Nr. 7, &hellip; <a href=\"https:\/\/news.uni-goettingen.de\/sicherheitswesen\/impressum\/\">Weiterlesen<\/a><\/p>\n","protected":false},"author":1,"featured_media":0,"parent":0,"menu_order":0,"comment_status":"closed","ping_status":"closed","template":"","meta":{"footnotes":""},"_links":{"self":[{"href":"https:\/\/news.uni-goettingen.de\/sicherheitswesen\/wp-json\/wp\/v2\/pages\/91"}],"collection":[{"href":"https:\/\/news.uni-goettingen.de\/sicherheitswesen\/wp-json\/wp\/v2\/pages"}],"about":[{"href":"https:\/\/news.uni-goettingen.de\/sicherheitswesen\/wp-json\/wp\/v2\/types\/page"}],"author":[{"embeddable":true,"href":"https:\/\/news.uni-goettingen.de\/sicherheitswesen\/wp-json\/wp\/v2\/users\/1"}],"replies":[{"embeddable":true,"href":"https:\/\/news.uni-goettingen.de\/sicherheitswesen\/wp-json\/wp\/v2\/comments?post=91"}],"version-history":[{"count":1,"href":"https:\/\/news.uni-goettingen.de\/sicherheitswesen\/wp-json\/wp\/v2\/pages\/91\/revisions"}],"predecessor-version":[{"id":92,"href":"https:\/\/news.uni-goettingen.de\/sicherheitswesen\/wp-json\/wp\/v2\/pages\/91\/revisions\/92"}],"wp:attachment":[{"href":"https:\/\/news.uni-goettingen.de\/sicherheitswesen\/wp-json\/wp\/v2\/media?parent=91"}],"curies":[{"name":"wp","href":"https:\/\/api.w.org\/{rel}","templated":true}]}}