{"id":45,"date":"2023-10-11T18:01:23","date_gmt":"2023-10-11T16:01:23","guid":{"rendered":"https:\/\/news.uni-goettingen.de\/publizieren\/?page_id=45"},"modified":"2025-09-08T10:02:02","modified_gmt":"2025-09-08T08:02:02","slug":"impressum","status":"publish","type":"page","link":"https:\/\/news.uni-goettingen.de\/publizieren\/impressum\/","title":{"rendered":"Impressum"},"content":{"rendered":"<div class=\"wp-block-image\">\n<figure class=\"alignleft size-large is-resized\"><img loading=\"lazy\" decoding=\"async\" width=\"1024\" height=\"86\" src=\"https:\/\/news.uni-goettingen.de\/publizieren\/wp-content\/uploads\/sites\/18\/2023\/11\/SUB_left_horizontal_blue-1024x86.png\" alt=\"\" class=\"wp-image-112\" style=\"aspect-ratio:11.906976744186046;width:299px;height:auto\" srcset=\"https:\/\/news.uni-goettingen.de\/publizieren\/wp-content\/uploads\/sites\/18\/2023\/11\/SUB_left_horizontal_blue-1024x86.png 1024w, https:\/\/news.uni-goettingen.de\/publizieren\/wp-content\/uploads\/sites\/18\/2023\/11\/SUB_left_horizontal_blue-300x25.png 300w, https:\/\/news.uni-goettingen.de\/publizieren\/wp-content\/uploads\/sites\/18\/2023\/11\/SUB_left_horizontal_blue-768x65.png 768w, https:\/\/news.uni-goettingen.de\/publizieren\/wp-content\/uploads\/sites\/18\/2023\/11\/SUB_left_horizontal_blue-220x19.png 220w, https:\/\/news.uni-goettingen.de\/publizieren\/wp-content\/uploads\/sites\/18\/2023\/11\/SUB_left_horizontal_blue.png 1200w\" sizes=\"(max-width: 1024px) 100vw, 1024px\" \/><\/figure><\/div>\n\n\n<div style=\"height:100px\" aria-hidden=\"true\" class=\"wp-block-spacer\"><\/div>\n\n\n\n<hr class=\"wp-block-separator has-alpha-channel-opacity\" \/>\n\n\n\n<h1 class=\"wp-block-heading\">Impressum \/ Anbieterhinweis<\/h1>\n\n\n\n<p>Die nachstehenden Informationen enthalten die gesetzlich vorgesehenen Pflichtangaben zur Anbieterkennzeichnung zu den datenschutzrechtlichen Informationspflichten sowie weitere wichtige rechtliche Hinweise zur Internetpr\u00e4senz der SUB G\u00f6ttingen.<\/p>\n\n\n\n<h2 class=\"wp-block-heading\">Anbieter<\/h2>\n\n\n\n<p>Anbieter dieser Internetpr\u00e4senz ist im Rechtsinne die Nieders\u00e4chsische Staats- und Universit\u00e4tsbibliothek G\u00f6ttingen.<\/p>\n\n\n\n<h2 class=\"wp-block-heading\">Adresse<\/h2>\n\n\n\n<p>Nieders\u00e4chsische Staats- und Universit\u00e4tsbibliothek G\u00f6ttingen<br>Georg-August-Universit\u00e4t G\u00f6ttingen<br>Platz der G\u00f6ttinger Sieben 1<br>37073 G\u00f6ttingen<br>Tel.: +49 (0)551 \/ 39-25212<br>Fax: +49 (0)551 \/ 39-25222<br>E-Mail:&nbsp;<a href=\"mailto:sekretariat@sub.uni-goettingen.de\">sekretariat@sub.uni-goettingen.de<\/a><br>Internet:&nbsp;<a href=\"http:\/\/www.sub.uni-goettingen.de\/\" target=\"_blank\" rel=\"noreferrer noopener\">www.sub.uni-goettingen.de<\/a><\/p>\n\n\n\n<h2 class=\"wp-block-heading\">Vertreter<\/h2>\n\n\n\n<p>Die Nieders\u00e4chsische Staats- und Universit\u00e4tsbibliothek G\u00f6ttingen (SUB G\u00f6ttingen) wird vertreten durch die kommissarische Direktorin Kathrin Brannemann.<\/p>\n\n\n\n<p>Die SUB G\u00f6ttingen ist als zentrale Einrichtung eine organisatorische, rechtlich nicht selbst\u00e4ndige Einheit der Georg-August-Universit\u00e4t G\u00f6ttingen. Die Georg-August-Universit\u00e4t G\u00f6ttingen ist eine K\u00f6rperschaft des \u00f6ffentlichen Rechts. Sie wird durch den Pr\u00e4sidenten Prof. Dr. Axel Sch\u00f6lmerich gesetzlich vertreten.<\/p>\n\n\n\n<h2 class=\"wp-block-heading\">Zust\u00e4ndige Aufsichtsbeh\u00f6rde<\/h2>\n\n\n\n<p>Georg-August-Universit\u00e4t G\u00f6ttingen Stiftung \u00d6ffentlichen Rechts, Stiftungsausschuss Universit\u00e4t, Wilhelmsplatz 1, 37073 G\u00f6ttingen&nbsp;<\/p>\n\n\n\n<h2 class=\"wp-block-heading\">Umsatzsteueridentifikationsnummer<\/h2>\n\n\n\n<p>Die Umsatzsteueridentifikationsnummer der Georg-August-Universit\u00e4t G\u00f6ttingen lautet: DE 286 005 408<\/p>\n\n\n\n<p><\/p>\n\n\n\n<h2 class=\"wp-block-heading\">Redaktionsverantwortliche<\/h2>\n\n\n\n<p>Redaktionsverantwortlich f\u00fcr den Newsletter Publizieren am G\u00f6ttingen Campus der SUB G\u00f6ttingen nach&nbsp;\u00a7 55 Abs. 2 RStV ist:<\/p>\n\n\n\n<p>Margo Bargheer<br>Nieders\u00e4chsische Staats- und Universit\u00e4tsbibliothek G\u00f6ttingen<br>Georg-August-Universit\u00e4t G\u00f6ttingen<br>Platz der G\u00f6ttinger Sieben 1<br>37073 G\u00f6ttingen<br>Tel.: +49 (0)551 \/ 39-28655<br>E-Mail:&nbsp;<a href=\"mailto:bargheer@sub.uni-goettingen.de\">bargheer@sub.uni-goettingen.de<\/a><br>Internet:&nbsp;<a rel=\"noreferrer noopener\" href=\"http:\/\/www.sub.uni-goettingen.de\/\" target=\"_blank\">www.sub.uni-goettingen.de<\/a><\/p>\n\n\n\n<h1 class=\"wp-block-heading\">Rechtliche Hinweise<\/h1>\n\n\n\n<h2 class=\"wp-block-heading\">Haftung f\u00fcr Inhalte<\/h2>\n\n\n\n<p>Die Nieders\u00e4chsische Staats- und Universit\u00e4tsbibliothek G\u00f6ttingen (SUB G\u00f6ttingen) ist als Diensteanbieterin f\u00fcr eigene Inhalte auf diesen Seiten nach den allgemeinen Gesetzen verantwortlich. Die SUB G\u00f6ttingen ist um Richtigkeit und Aktualit\u00e4t der hier bereitgestellten Informationen bem\u00fcht. Die Inhalte unserer Seiten wurden mit gr\u00f6\u00dfter Sorgfalt erstellt, dennoch k\u00f6nnen Fehler und Unklarheiten nicht vollst\u00e4ndig ausgeschlossen werden. Die SUB G\u00f6ttingen \u00fcbernimmt daher keine Gew\u00e4hr f\u00fcr die Aktualit\u00e4t, Richtigkeit, Vollst\u00e4ndigkeit oder Qualit\u00e4t der bereitgestellten Informationen.&nbsp;<\/p>\n\n\n\n<p>Insbesondere sind wir als Diensteanbieter nicht verpflichtet, \u00fcbermittelte oder gespeicherte fremde Informationen zu \u00fcberwachen oder nach Umst\u00e4nden zu forschen, die auf eine rechtswidrige T\u00e4tigkeit hinweisen. Bei Bekanntwerden von entsprechenden Rechtsverletzungen werden wir diese Inhalte umgehend entfernen.<\/p>\n\n\n\n<p>F\u00fcr Sch\u00e4den materieller oder immaterieller Art, die durch die Nutzung oder Nichtnutzung der dargebotenen Informationen bzw. durch die Nutzung fehlerhafter und unvollst\u00e4ndiger Informationen unmittelbar oder mittelbar verursacht werden, haftet die SUB G\u00f6ttingen nicht, sofern ihr nicht nachweislich vors\u00e4tzliches oder grob fahrl\u00e4ssiges Verschulden zur Last f\u00e4llt. Gleiches gilt f\u00fcr kostenlos zum Download bereitgehaltene Software.&nbsp;<\/p>\n\n\n\n<p>Die SUB G\u00f6ttingen beh\u00e4lt es sich vor, Teile des Internetangebots oder das gesamte Angebot ohne gesonderte Ank\u00fcndigung zu ver\u00e4ndern, zu erg\u00e4nzen, zu l\u00f6schen oder die Ver\u00f6ffentlichung zeitweise oder endg\u00fcltig einzustellen.<\/p>\n\n\n\n<h2 class=\"wp-block-heading\">Haftung f\u00fcr Links<\/h2>\n\n\n\n<p>Unser Angebot enth\u00e4lt Verkn\u00fcpfungen (Links) zu Webseiten von anderen Einrichtungen der Universit\u00e4t und zu externen Webseiten Dritter, auf deren Inhalte wir keinen Einfluss haben. F\u00fcr die Inhalte der verlinkten Seiten ist stets der jeweilige Anbieter oder Betreiber der Seiten verantwortlich. Die SUB G\u00f6ttingen identifiziert sich deshalb ausdr\u00fccklich nicht mit dem Inhalt der verlinkten Seiten und macht sich die fremden Inhalte nicht zu Eigen.<\/p>\n\n\n\n<p>Die gesetzten Links werden im wissenschaftlichen Sinne zitiert und zur Information f\u00fcr Studium, Forschung und Lehre zur Verf\u00fcgung gestellt. Wir haben die verlinkten Seiten zum Zeitpunkt der erstmaligen Verkn\u00fcpfung auf m\u00f6gliche Rechtsverst\u00f6\u00dfe \u00fcberpr\u00fcft. Inhalte, durch die eine m\u00f6gliche zivil- oder strafrechtliche Verantwortlichkeit ausgel\u00f6st wird, waren zum Zeitpunkt der Verlinkung nicht erkennbar. Eine permanente inhaltliche Kontrolle der verlinkten Seiten ist jedoch ohne konkrete Anhaltspunkte einer Rechtsverletzung nicht zumutbar.&nbsp;<\/p>\n\n\n\n<p>Wenn die SUB G\u00f6ttingen feststellt oder von anderen darauf hingewiesen wird, dass ein externes Angebot, auf das sie per Link verkn\u00fcpft hat, eine zivil- oder strafrechtliche Verantwortlichkeit ausl\u00f6st, wird sie diesen Link umgehend entfernen. Die SUB G\u00f6ttingen distanziert sich ausdr\u00fccklich von derartigen Inhalten.<\/p>\n\n\n\n<h2 class=\"wp-block-heading\">Hinweise zum Urheber- und Kennzeichenrecht<\/h2>\n\n\n\n<p>Die SUB G\u00f6ttingen ist bestrebt, in allen Publikationen die Urheberrechte der verwendeten Grafiken, Tondokumente, Videosequenzen und Texte zu beachten, von ihr selbst erstellte Grafiken, Tondokumente, Videosequenzen und Texte zu nutzen oder auf lizenzfreie Grafiken, Tondokumente, Videosequenzen und Texte zur\u00fcckzugreifen.&nbsp;<\/p>\n\n\n\n<p>Alle innerhalb des Internetangebotes genannten und ggf. durch Dritte gesch\u00fctzten Marken- und Warenzeichen unterliegen uneingeschr\u00e4nkt den Bestimmungen des jeweils g\u00fcltigen Kennzeichenrechts und den Besitzrechten der jeweiligen eingetragenen Eigent\u00fcmer. Allein aufgrund der blo\u00dfen Nennung ist nicht der Schluss zu ziehen, dass Markenzeichen nicht durch Rechte Dritter gesch\u00fctzt sind.&nbsp;<\/p>\n\n\n\n<p>Das Layout der Homepage, die verwendeten Grafiken sowie die sonstigen Inhalte der Internetpr\u00e4senz der SUB G\u00f6ttingen sind urheberrechtlich gesch\u00fctzt.<\/p>\n\n\n\n<p>Jede vom Urheberrechtsgesetz nicht zugelassene Verwertung bedarf vorheriger ausdr\u00fccklicher Zustimmung der SUB G\u00f6ttingen. Dies gilt insbesondere f\u00fcr Vervielf\u00e4ltigung, Bearbeitung, \u00dcbersetzung, Einspeicherung, Verarbeitung bzw. Wiedergabe von Inhalten in Datenbanken oder anderen elektronischen Medien und Systemen. Fotokopien und Downloads von Web-Seiten f\u00fcr den privaten, wissenschaftlichen und nicht kommerziellen Gebrauch d\u00fcrfen hergestellt werden.<\/p>\n\n\n\n<p>Das Urheberrecht f\u00fcr das Universit\u00e4tssiegel liegt ausdr\u00fccklich bei der Georg-August-Universit\u00e4t G\u00f6ttingen.<br>Wir erlauben ausdr\u00fccklich und begr\u00fc\u00dfen das Zitieren unserer Dokumente und Webseiten sowie das Setzen von Links auf unsere Website.<\/p>\n\n\n\n<p>\u00a9 SUB G\u00f6ttingen. Alle Rechte vorbehalten.<\/p>\n\n\n\n<p><a href=\"https:\/\/www.sub.uni-goettingen.de\/impressum\/datenschutzhinweis\/\">Datenschutzhinweis<\/a>&nbsp;und&nbsp;<a href=\"https:\/\/www.sub.uni-goettingen.de\/impressum\/datenschutzhinweis\/#c3363\">Matomo Opt-Out<\/a>&nbsp;und&nbsp;<a href=\"https:\/\/www.sub.uni-goettingen.de\/impressum\/barrierefreiheit\/\">Erkl\u00e4rung zur Barrierefreiheit<\/a><\/p>\n\n\n\n\n","protected":false},"excerpt":{"rendered":"<p>Impressum \/ Anbieterhinweis<\/p>\n<p>Die nachstehenden Informationen enthalten die gesetzlich vorgesehenen Pflichtangaben zur Anbieterkennzeichnung zu den datenschutzrechtlichen Informationspflichten sowie weitere wichtige rechtliche Hinweise zur Internetpr\u00e4senz der SUB G\u00f6ttingen.<\/p>\n<p>Anbieter<\/p>\n<p>Anbieter dieser Internetpr\u00e4senz ist im Rechtsinne die Nieders\u00e4chsische Staats- und Universit\u00e4tsbibliothek G\u00f6ttingen.<\/p>\n<p>Adresse<\/p>\n<p>Nieders\u00e4chsische Staats- und Universit\u00e4tsbibliothek G\u00f6ttingenGeorg-August-Universit\u00e4t G\u00f6ttingenPlatz der G\u00f6ttinger Sieben 137073 G\u00f6ttingenTel.: +49 (0)551 \/ 39-25212Fax: +49 (0)551 \/ 39-25222E-Mail:&nbsp; &hellip; <a href=\"https:\/\/news.uni-goettingen.de\/publizieren\/impressum\/\">Weiterlesen<\/a><\/p>\n","protected":false},"author":17,"featured_media":0,"parent":0,"menu_order":0,"comment_status":"closed","ping_status":"closed","template":"","meta":{"footnotes":""},"_links":{"self":[{"href":"https:\/\/news.uni-goettingen.de\/publizieren\/wp-json\/wp\/v2\/pages\/45"}],"collection":[{"href":"https:\/\/news.uni-goettingen.de\/publizieren\/wp-json\/wp\/v2\/pages"}],"about":[{"href":"https:\/\/news.uni-goettingen.de\/publizieren\/wp-json\/wp\/v2\/types\/page"}],"author":[{"embeddable":true,"href":"https:\/\/news.uni-goettingen.de\/publizieren\/wp-json\/wp\/v2\/users\/17"}],"replies":[{"embeddable":true,"href":"https:\/\/news.uni-goettingen.de\/publizieren\/wp-json\/wp\/v2\/comments?post=45"}],"version-history":[{"count":10,"href":"https:\/\/news.uni-goettingen.de\/publizieren\/wp-json\/wp\/v2\/pages\/45\/revisions"}],"predecessor-version":[{"id":381,"href":"https:\/\/news.uni-goettingen.de\/publizieren\/wp-json\/wp\/v2\/pages\/45\/revisions\/381"}],"wp:attachment":[{"href":"https:\/\/news.uni-goettingen.de\/publizieren\/wp-json\/wp\/v2\/media?parent=45"}],"curies":[{"name":"wp","href":"https:\/\/api.w.org\/{rel}","templated":true}]}}