{"id":134,"date":"2023-11-07T17:36:36","date_gmt":"2023-11-07T16:36:36","guid":{"rendered":"https:\/\/news.uni-goettingen.de\/publizieren\/?page_id=134"},"modified":"2023-11-07T17:36:36","modified_gmt":"2023-11-07T16:36:36","slug":"datenschutzhinweis","status":"publish","type":"page","link":"https:\/\/news.uni-goettingen.de\/publizieren\/datenschutzhinweis\/","title":{"rendered":"Datenschutzhinweis"},"content":{"rendered":"\n<h1 class=\"wp-block-heading\">Datenschutzhinweis<\/h1>\n\n\n\n<p>Wir weisen darauf hin, dass die Daten\u00fcbertragung im Internet (z. B. bei der Kommunikation per E-Mail) Sicherheitsl\u00fccken aufweisen kann. Ein l\u00fcckenloser Schutz der Daten vor dem Zugriff durch Dritte ist nicht m\u00f6glich.<br>Der Nutzung von im Rahmen der Impressumspflicht ver\u00f6ffentlichten Kontaktdaten durch Dritte zur \u00dcbersendung von nicht ausdr\u00fccklich angeforderter Werbung und Informationsmaterialien wird hiermit ausdr\u00fccklich widersprochen. Die Betreiber der Seiten behalten sich ausdr\u00fccklich rechtliche Schritte im Falle der unverlangten Zusendung von Werbeinformationen, etwa durch Spam-Mails, vor.<\/p>\n\n\n\n<h2 class=\"wp-block-heading\">Personenbezogene Daten<\/h2>\n\n\n\n<p>Die Nutzung dieser Webseite ist in der Regel ohne Angabe personenbezogener Daten m\u00f6glich. Soweit auf diesen Seiten personenbezogene Daten erhoben werden, erfolgt dies, soweit m\u00f6glich, stets auf freiwilliger Basis und im hier dargestellten Umfang. Diese Daten werden ohne Ihre ausdr\u00fcckliche Zustimmung nicht an Dritte weitergegeben.<\/p>\n\n\n\n<p>Namen, Postanschriften und E-Mail-Adressen, die im Rahmen von Anfragen oder Bestellungen von Informationsmaterial angegeben werden, werden ausschlie\u00dflich f\u00fcr die Korrespondenz beziehungsweise den Versand verwendet.<\/p>\n\n\n\n<p>Namen, E-Mail-Adressen, Zugeh\u00f6rigkeiten zu Fachrichtungen und ggf. sonstige personenbezogene Daten, die im Rahmen der Anmeldeformulare f\u00fcr \u201e<a href=\"https:\/\/www.sub.uni-goettingen.de\/lernen-lehren\/kurse-fuehrungen\/\">Kurse &amp; F\u00fchrungen<\/a>\u201c erhoben werden, werden ausschlie\u00dflich f\u00fcr die Bearbeitung der jeweiligen Anmeldung, zur Durchf\u00fchrung und Nachbearbeitung des Kurses bzw. der F\u00fchrung verwendet.<\/p>\n\n\n\n<p>S\u00e4mtliche personenbezogenen Daten werden nur solange gespeichert wie dies f\u00fcr den jeweils genannten Zweck erforderlich ist. Hierbei werden bestehende gesetzliche Aufbewahrungsfristen ber\u00fccksichtigt.<\/p>\n\n\n\n<h2 class=\"wp-block-heading\">Informationen zur Verarbeitung personenbezogener Daten<\/h2>\n\n\n\n<p><strong>Name und Kontaktdaten des Verantwortlichen<br><\/strong>Der Pr\u00e4sident<br>Prof. Dr. Metin Tolan<br>Wilhelmsplatz 1<br>37073 G\u00f6ttingen<br>+49 551 39-21000 (Tel.)<br><a href=\"mailto:praesident@uni-goettingen.de\">praesident@uni-goettingen.de<\/a><\/p>\n\n\n\n<p><strong>Kontaktdaten des betrieblichen Datenschutzbeauftragen<\/strong><br>Prof. Dr. Andreas Wiebe<br>Lehrstuhl f\u00fcr B\u00fcrgerliches Recht<br>Wettbewerbs- und Immaterialg\u00fcterrecht<br>Medien- und Informationsrecht<br>Platz der G\u00f6ttinger Sieben 6<br>D-37073 G\u00f6ttingen<br>+49 551 39-7381 (Tel.)<br>+49 551 39-4437 (Fax)<br><a href=\"mailto:datenschutz@uni-goettingen.de\">datenschutz@uni-goettingen.de<\/a><\/p>\n\n\n\n<p><strong>Zwecke und Rechtsgrundlagen der Verarbeitung<\/strong><br>Ihre Daten werden daf\u00fcr erhoben, um Ihr Anliegen zu bearbeiten. Ihre Daten werden auf Grundlage von Art. 6 Abs. 1e erhoben.<\/p>\n\n\n\n<p><strong>Empf\u00e4nger der personenbezogenen Daten<\/strong><br>Um ihre Anfrage zu beantworten, werden Ihre personenbezogenen Daten an die innerhalb der SUB G\u00f6ttingen zust\u00e4ndige Personengruppe \u00fcbermittelt.<\/p>\n\n\n\n<p><strong>\u00dcbermittlung von personenbezogenen Daten an ein Drittland<\/strong><br>Es ist nicht geplant Ihre personenbezogenen Daten zu \u00fcbermitteln.<\/p>\n\n\n\n<p><strong>Dauer der Speicherung der personenbezogenen Daten<\/strong><br>Ihre Daten werden gespeichert, um die Dienste zu erbringen, mit denen Sie uns beauftragen. Sobald Sie sich abmelden oder um eine L\u00f6schung der Daten bitten, werden ihre Daten nur noch so lange gespeichert, bis alle laufenden Vorg\u00e4nge abgeschlossen sind und dann gel\u00f6scht, es sei denn gesetzliche Vorgaben erfordern eine l\u00e4ngere Speicherung.<\/p>\n\n\n\n<p><strong>Betroffenenrechte<\/strong><br>Nach der EU-Datenschutzgrundverordnung stehen Ihnen folgende Rechte zu:<br>Werden Ihre personenbezogenen Daten verarbeitet, so haben Sie das Recht Auskunft \u00fcber die zu Ihrer Person gespeicherten Daten zu erhalten (Art. 15 DSGVO). Sollten unrichtige personenbezogene Daten verarbeitet werden, steht Ihnen ein Recht auf Berichtigung zu (Art. 16 DSGVO). Liegen die gesetzlichen Voraussetzungen vor, so k\u00f6nnen Sie die L\u00f6schung oder Einschr\u00e4nkung der Verarbeitung verlangen sowie Widerspruch gegen die Verarbeitung einlegen (Art. 17, 18 und 21 DSGVO).<br>Wenn Sie die erforderlichen Daten nicht angeben, kann Ihr Antrag nicht bearbeitet werden.<br>Wenn Sie in die Datenverarbeitung eingewilligt haben oder ein Vertrag zur Datenverarbeitung besteht und die Datenverarbeitung mithilfe automatisierter Verfahren durchgef\u00fchrt wird, steht Ihnen gegebenenfalls ein Recht auf Daten\u00fcbertragbarkeit zu (Art. 20 DSGVO). Sollten Sie von Ihren oben genannten Rechten Gebrauch machen, pr\u00fcft Nieders\u00e4chsische Staats- und Universit\u00e4tsbibliothek G\u00f6ttingen, ob die gesetzlichen Voraussetzungen hierf\u00fcr erf\u00fcllt sind.<br>Zur Aus\u00fcbung Ihrer Rechte wenden Sie sich bitte an den betrieblichen Datenschutzbeauftragten.<\/p>\n\n\n\n<p>Bei datenschutzrechtlichen Beschwerden k\u00f6nnen Sie sich an die zust\u00e4ndige Aufsichtsbeh\u00f6rde wenden:<\/p>\n\n\n\n<p>Die Landesbeauftragte f\u00fcr den Datenschutz Niedersachsen<br>Prinzenstra\u00dfe 5<br>30159 Hannover<br>+49 551 120 4500 (Tel.)<br>+49 551 120 4599 (Fax)<br><a href=\"mailto:poststelle@lfd.niedersachsen.de\">poststelle@lfd.niedersachsen.de<\/a><\/p>\n\n\n\n<p><strong>Widerrufsrecht bei Einwilligung<\/strong><br>Wenn Sie in die Verarbeitung durch die Nieders\u00e4chsische Staats- und Universit\u00e4tsbibliothek G\u00f6ttingen durch eine entsprechende Erkl\u00e4rung eingewilligt haben, k\u00f6nnen Sie die Einwilligung jederzeit f\u00fcr die Zukunft widerrufen. Die Rechtm\u00e4\u00dfigkeit der aufgrund der Einwilligung bis zum Widerruf erfolgten Datenverarbeitung wird durch diesen nicht ber\u00fchrt.<\/p>\n\n\n\n<h2 class=\"wp-block-heading\">Newsletter<\/h2>\n\n\n\n<p>Mit den nachfolgenden Hinweisen informieren wir Sie \u00fcber die Inhalte unserer Newsletter sowie das Anmelde-, Versand- und das statistische Auswertungsverfahren sowie Ihre Widerspruchsrechte. Indem Sie unsere Newsletter abonnieren, erkl\u00e4ren Sie sich mit dem Empfang und den beschriebenen Verfahren einverstanden.<\/p>\n\n\n\n<p><strong>Inhalt der Newsletter<\/strong><br>Wir versenden E-Mails (nachfolgend \u201eNewsletter\u201c) nur mit der Einwilligung der Empf\u00e4nger. Sofern im Rahmen einer Anmeldung zum Newsletter dessen Inhalte konkret umschrieben werden, sind sie f\u00fcr die Einwilligung der Nutzenden ma\u00dfgeblich. Im \u00dcbrigen enthalten unsere Newsletter Informationen zu unseren Leistungen und uns.<br><strong><\/strong><\/p>\n\n\n\n<p><strong>Double-Opt-In und Protokollierung<br><\/strong>Die Anmeldung zu unserem Newsletter erfolgt in einem sog. Double-Opt-In-Verfahren. D.h. Sie erhalten nach der Anmeldung eine E-Mail, in der Sie um die Best\u00e4tigung Ihrer Anmeldung gebeten werden. Diese Best\u00e4tigung ist notwendig, damit sich niemand mit fremden E-Mailadressen anmelden kann. Die Anmeldungen zum Newsletter werden protokolliert, um den Anmeldeprozess entsprechend den rechtlichen Anforderungen nachweisen zu k\u00f6nnen. Hierzu geh\u00f6rt die Speicherung des Anmelde- und des Best\u00e4tigungszeitpunkts. Ebenso werden die \u00c4nderungen Ihrer bei dem Versanddienstleister gespeicherten Daten protokolliert.<br><strong><\/strong><\/p>\n\n\n\n<p><strong>Anmeldedaten<br><\/strong>Um sich f\u00fcr den Newsletter anzumelden, werden Sie gebeten, Ihre E-Mailadresse anzugeben. Weiterhin bitten wir Sie um die Angabe von Vor- und Nachnamen, zwecks pers\u00f6nlicher Ansprache im Newsletters.<br><strong><\/strong><\/p>\n\n\n\n<p><strong>Rechtsgrundlagen<br><\/strong>Der Versand des Newsletters erfolgt auf Grundlage einer Einwilligung der Empf\u00e4nger gem. Art. 6 Abs. 1 lit. a, Art. 7 DSGVO i.V.m \u00a7 7 Abs. 2 Nr. 3 UWG.<br>Die Protokollierung des Anmeldeverfahrens erfolgt auf Grundlage unserer berechtigten Interessen gem. Art. 6 Abs. 1 lit. f DSGVO. Unser Interesse richtet sich auf den Einsatz eines nutzungsfreundlichen sowie sicheren Newslettersystems, das den Erwartungen der Nutzenden entspricht und uns ferner den Nachweis von Einwilligungen erlaubt.<br><strong><\/strong><\/p>\n\n\n\n<p><strong>K\u00fcndigung\/Widerruf<\/strong><br>Sie k\u00f6nnen den Empfang unseres Newsletters jederzeit k\u00fcndigen, d.h. Ihre Einwilligungen widerrufen. Einen Link zur K\u00fcndigung des Newsletters finden Sie am Ende eines jeden Newsletters. Wir k\u00f6nnen die ausgetragenen E-Mailadressen bis zu drei Jahren auf Grundlage unserer berechtigten Interessen speichern bevor wir sie l\u00f6schen, um eine ehemals gegebene Einwilligung nachweisen zu k\u00f6nnen. Die Verarbeitung dieser Daten wird auf den Zweck einer m\u00f6glichen Abwehr von Anspr\u00fcchen beschr\u00e4nkt. Ein individueller L\u00f6schungsantrag ist jederzeit m\u00f6glich, sofern zugleich das ehemalige Bestehen einer Einwilligung best\u00e4tigt wird.<\/p>\n\n\n\n<h2 class=\"wp-block-heading\">Datenschutzerkl\u00e4rung Google Maps<\/h2>\n\n\n\n<p>Diese Webseite verwendet das Produkt Google Maps von Google Inc. Durch Nutzung dieser Webseite erkl\u00e4ren Sie sich mit der Erfassung, Bearbeitung sowie Nutzung der automatisiert erhobenen Daten durch Google Inc, deren Vertreter sowie Dritter einverstanden.<br>Die Nutzungsbedingungen von Google Maps finden sie unter \u201e<a href=\"https:\/\/www.google.com\/intl\/de_de\/help\/terms_maps.html\" target=\"_blank\" rel=\"noreferrer noopener\">Nutzungsbedingungen von Google Maps<\/a>\u201c.<\/p>\n\n\n\n<h2 class=\"wp-block-heading\">Auskunft, L\u00f6schung, Sperrung<\/h2>\n\n\n\n<p>Sie haben jederzeit das Recht auf unentgeltliche Auskunft \u00fcber Ihre gespeicherten personenbezogenen Daten, deren Herkunft und Empf\u00e4nger und den Zweck der Datenverarbeitung sowie ein Recht auf Berichtigung, Sperrung oder L\u00f6schung dieser Daten. Hierzu sowie zu weiteren Fragen zum Thema personenbezogene Daten k\u00f6nnen Sie sich jederzeit \u00fcber die im Impressum angegeben Adresse des Webseitenbetreibers an uns wenden.<\/p>\n\n\n\n<h1 class=\"wp-block-heading\">Statistische Daten f\u00fcr den Betreiber der Website<\/h1>\n\n\n\n<p>Diese Website nutzt die Open-Source-Software Matomo f\u00fcr die statistische Auswertung von Besucherzugriffen. Matomo ist datenschutzkonform konfiguriert, Daten werden anonymisiert gespeichert. Die zu diesem Zweck verwendeten \u201eSitzungs-Cookies\u201c sind Textdateien, die auf Ihrem Computer gespeichert werden und die eine Analyse der Benutzung der Webseite durch Sie erm\u00f6glichen. Die durch den Cookie erzeugten Informationen \u00fcber Ihre Benutzung dieses Internetangebotes werden auf dem Server der&nbsp;GWDG&nbsp;gespeichert. Die IP-Adresse wird sofort nach der Verarbeitung und vor deren Speicherung anonymisiert. Die von Matomo erfassten Daten werden in anonymisierter Form dazu verwendet, unser Angebot zu verbessern. IP-Adressen werden in Matomo ohne das letzte Tupel gespeichert. Wir wissen, aus welchem Netz eine Anfrage kam, nicht jedoch von welchem Rechner.<\/p>\n\n\n\n<p>Diese \u201eSitzungs-Cookies\u201c beinhalten keine personenbezogenen Daten und verfallen nach Ablauf der Sitzung. Techniken, wie zum Beispiel Java-Applets oder Active-X-Controls, die es erm\u00f6glichen, das Zugriffsverhalten der Nutzenden nachzuvollziehen, werden nicht eingesetzt.&nbsp;<\/p>\n\n\n\n<p>Im Einzelnen werden \u00fcber jeden Zugriff\/Abruf folgende Daten gespeichert:<\/p>\n\n\n\n<ul>\n<li>die ersten beiden Teile der IP-Adresse,<\/li>\n\n\n\n<li>Datum und Uhrzeit,<\/li>\n\n\n\n<li>User-Agent der verwendeten Software,<\/li>\n\n\n\n<li>aufgerufene Seite\/Name der abgerufenen Datei,<\/li>\n\n\n\n<li>\u00fcbertragene Datenmenge,<\/li>\n\n\n\n<li>Meldung, ob der Zugriff\/Abruf erfolgreich war.<\/li>\n<\/ul>\n\n\n\n<p>Sie k\u00f6nnen sich hier entscheiden, ob in Ihrem Browser ein eindeutiger Webanalyse-Cookie abgelegt werden darf, um dem Betreiber der Webseite die Erfassung und Analyse verschiedener statistischer Daten zu erm\u00f6glichen.&nbsp;<\/p>\n\n\n\n<p>Durch die Nutzung dieser Website erkl\u00e4ren Sie sich mit der Bearbeitung der \u00fcber Sie erhobenen Daten durch Matomo in der zuvor beschriebenen Art und Weise und zu dem zuvor benannten Zweck einverstanden.<br>Wenn Sie sich dagegen entscheiden m\u00f6chten, klicken Sie den folgenden Link, um den Matomo-Deaktivierungs-Cookie in Ihrem Browser abzulegen.https:\/\/piwik.gwdg.de\/index.php?module=CoreAdminHome&amp;action=optOut&amp;language=de<\/p>\n","protected":false},"excerpt":{"rendered":"<p>Datenschutzhinweis<\/p>\n<p>Wir weisen darauf hin, dass die Daten\u00fcbertragung im Internet (z. B. bei der Kommunikation per E-Mail) Sicherheitsl\u00fccken aufweisen kann. Ein l\u00fcckenloser Schutz der Daten vor dem Zugriff durch Dritte ist nicht m\u00f6glich.Der Nutzung von im Rahmen der Impressumspflicht ver\u00f6ffentlichten Kontaktdaten durch Dritte zur \u00dcbersendung von nicht ausdr\u00fccklich angeforderter Werbung und Informationsmaterialien wird hiermit ausdr\u00fccklich widersprochen. &hellip; <a href=\"https:\/\/news.uni-goettingen.de\/publizieren\/datenschutzhinweis\/\">Weiterlesen<\/a><\/p>\n","protected":false},"author":17,"featured_media":0,"parent":0,"menu_order":0,"comment_status":"closed","ping_status":"closed","template":"","meta":{"footnotes":""},"_links":{"self":[{"href":"https:\/\/news.uni-goettingen.de\/publizieren\/wp-json\/wp\/v2\/pages\/134"}],"collection":[{"href":"https:\/\/news.uni-goettingen.de\/publizieren\/wp-json\/wp\/v2\/pages"}],"about":[{"href":"https:\/\/news.uni-goettingen.de\/publizieren\/wp-json\/wp\/v2\/types\/page"}],"author":[{"embeddable":true,"href":"https:\/\/news.uni-goettingen.de\/publizieren\/wp-json\/wp\/v2\/users\/17"}],"replies":[{"embeddable":true,"href":"https:\/\/news.uni-goettingen.de\/publizieren\/wp-json\/wp\/v2\/comments?post=134"}],"version-history":[{"count":1,"href":"https:\/\/news.uni-goettingen.de\/publizieren\/wp-json\/wp\/v2\/pages\/134\/revisions"}],"predecessor-version":[{"id":135,"href":"https:\/\/news.uni-goettingen.de\/publizieren\/wp-json\/wp\/v2\/pages\/134\/revisions\/135"}],"wp:attachment":[{"href":"https:\/\/news.uni-goettingen.de\/publizieren\/wp-json\/wp\/v2\/media?parent=134"}],"curies":[{"name":"wp","href":"https:\/\/api.w.org\/{rel}","templated":true}]}}